{"id":50,"date":"2019-07-10T13:36:58","date_gmt":"2019-07-10T13:36:58","guid":{"rendered":"https:\/\/pawfriends.qodeinteractive.com\/?page_id=50"},"modified":"2019-07-10T13:36:58","modified_gmt":"2019-07-10T13:36:58","slug":"cart","status":"publish","type":"page","link":"https:\/\/animaldoctor.tv\/?page_id=50","title":{"rendered":"Cart"},"content":{"rendered":"<div class=\"woocommerce\"><div class=\"woocommerce-notices-wrapper\"><\/div><p class=\"cart-empty woocommerce-info\">Sepetiniz \u015fu anda bo\u015f.<\/p>\t<p class=\"return-to-shop\">\n\t\t<a class=\"button wc-backward\" href=\"https:\/\/animaldoctor.tv\/?page_id=7\">\n\t\t\tMa\u011fazaya geri d\u00f6n\t\t<\/a>\n\t<\/p>\n<\/div>\n","protected":false},"excerpt":{"rendered":"Sepetiniz \u015fu anda bo\u015f. Ma\u011fazaya geri d\u00f6n","protected":false},"author":1,"featured_media":0,"parent":0,"menu_order":0,"comment_status":"closed","ping_status":"closed","template":"","meta":[],"_links":{"self":[{"href":"https:\/\/animaldoctor.tv\/index.php?rest_route=\/wp\/v2\/pages\/50"}],"collection":[{"href":"https:\/\/animaldoctor.tv\/index.php?rest_route=\/wp\/v2\/pages"}],"about":[{"href":"https:\/\/animaldoctor.tv\/index.php?rest_route=\/wp\/v2\/types\/page"}],"author":[{"embeddable":true,"href":"https:\/\/animaldoctor.tv\/index.php?rest_route=\/wp\/v2\/users\/1"}],"replies":[{"embeddable":true,"href":"https:\/\/animaldoctor.tv\/index.php?rest_route=%2Fwp%2Fv2%2Fcomments&post=50"}],"version-history":[{"count":0,"href":"https:\/\/animaldoctor.tv\/index.php?rest_route=\/wp\/v2\/pages\/50\/revisions"}],"wp:attachment":[{"href":"https:\/\/animaldoctor.tv\/index.php?rest_route=%2Fwp%2Fv2%2Fmedia&parent=50"}],"curies":[{"name":"wp","href":"https:\/\/api.w.org\/{rel}","templated":true}]}}